{"id":222,"date":"2024-03-26T07:54:03","date_gmt":"2024-03-26T07:54:03","guid":{"rendered":"https:\/\/shatranj.ai\/?page_id=222"},"modified":"2026-02-01T08:11:59","modified_gmt":"2026-02-01T08:11:59","slug":"%d0%b8%d0%b7%d0%bb%d0%be%d0%b6%d0%b1%d0%b8","status":"publish","type":"page","link":"https:\/\/shatranj.ai\/mk\/%d0%b8%d0%b7%d0%bb%d0%be%d0%b6%d0%b1%d0%b8\/","title":{"rendered":"\u0418\u0437\u043b\u043e\u0436\u0431\u0438"},"content":{"rendered":"\t\t<div data-elementor-type=\"wp-page\" data-elementor-id=\"222\" class=\"elementor elementor-222\" data-elementor-post-type=\"page\">\n\t\t\t\t<div data-pafe-particles=\"3f8f2acf\" data-pafe-particles-options=\"{&quot;quantity&quot;:300,&quot;particles_color&quot;:&quot;#FFFFFF&quot;,&quot;linked_color&quot;:&quot;#FFFFFF&quot;,&quot;hover_effect&quot;:&quot;&quot;,&quot;click_effect&quot;:&quot;&quot;,&quot;particles_shape&quot;:&quot;circle&quot;,&quot;particles_size&quot;:3,&quot;particles_speed&quot;:2,&quot;particles_image&quot;:&quot;https:\\\/\\\/shatranj.ai\\\/wp-content\\\/plugins\\\/elementor\\\/assets\\\/images\\\/placeholder.png&quot;,&quot;particles_opacity&quot;:{&quot;unit&quot;:&quot;px&quot;,&quot;size&quot;:0.3,&quot;sizes&quot;:[]},&quot;linked_opacity&quot;:0.3}\" class=\"elementor-element elementor-element-3f8f2acf e-flex e-con-boxed e-con e-parent\" data-id=\"3f8f2acf\" data-element_type=\"container\" data-settings=\"{&quot;background_background&quot;:&quot;classic&quot;}\">\n\t\t\t\t\t<div class=\"e-con-inner\">\n\t\t\t\t<div class=\"elementor-element elementor-element-177617e elementor-widget elementor-widget-heading\" data-id=\"177617e\" data-element_type=\"widget\" data-widget_type=\"heading.default\">\n\t\t\t\t<div class=\"elementor-widget-container\">\n\t\t\t<style>\/*! elementor - v3.21.0 - 08-05-2024 *\/\n.elementor-heading-title{padding:0;margin:0;line-height:1}.elementor-widget-heading .elementor-heading-title[class*=elementor-size-]>a{color:inherit;font-size:inherit;line-height:inherit}.elementor-widget-heading .elementor-heading-title.elementor-size-small{font-size:15px}.elementor-widget-heading .elementor-heading-title.elementor-size-medium{font-size:19px}.elementor-widget-heading .elementor-heading-title.elementor-size-large{font-size:29px}.elementor-widget-heading .elementor-heading-title.elementor-size-xl{font-size:39px}.elementor-widget-heading .elementor-heading-title.elementor-size-xxl{font-size:59px}<\/style><h2 class=\"elementor-heading-title elementor-size-default\">Exhibitions<\/h2>\t\t<\/div>\n\t\t\t\t<\/div>\n\t\t\t\t\t<\/div>\n\t\t\t\t<\/div>\n\t\t<div class=\"elementor-element elementor-element-207743b e-flex e-con-boxed e-con e-parent\" data-id=\"207743b\" data-element_type=\"container\">\n\t\t\t\t\t<div class=\"e-con-inner\">\n\t\t\t\t<div class=\"elementor-element elementor-element-828c6e3 elementor-widget elementor-widget-text-editor\" data-id=\"828c6e3\" data-element_type=\"widget\" data-widget_type=\"text-editor.default\">\n\t\t\t\t<div class=\"elementor-widget-container\">\n\t\t\t<style>\/*! elementor - v3.21.0 - 08-05-2024 *\/\n.elementor-widget-text-editor.elementor-drop-cap-view-stacked .elementor-drop-cap{background-color:#69727d;color:#fff}.elementor-widget-text-editor.elementor-drop-cap-view-framed .elementor-drop-cap{color:#69727d;border:3px solid;background-color:transparent}.elementor-widget-text-editor:not(.elementor-drop-cap-view-default) .elementor-drop-cap{margin-top:8px}.elementor-widget-text-editor:not(.elementor-drop-cap-view-default) .elementor-drop-cap-letter{width:1em;height:1em}.elementor-widget-text-editor .elementor-drop-cap{float:left;text-align:center;line-height:1;font-size:50px}.elementor-widget-text-editor .elementor-drop-cap-letter{display:inline-block}<\/style>\t\t\t\t<p style=\"text-align: center;\">The project&#8217;s official exhibition website is at: <a href=\"http:\/\/www.shatranj.art\">www.shatranj.art<\/a><\/p><p style=\"text-align: center;\">Schools and other institutions can download a copy of exhibition posters in digital format to host\/display the exhibit at their locations.\u00a0<\/p><p>\u00a0<\/p><p style=\"text-align: center;\"><img fetchpriority=\"high\" decoding=\"async\" class=\"wp-image-770 size-full aligncenter\" src=\"https:\/\/shatranj.ai\/wp-content\/uploads\/2026\/02\/sergi-ayasofya-11Ocak2024677x451.jpg\" alt=\"sergi-ayasofya-11Ocak2024 ProfMustafaKacar-TamerKaratekin\" width=\"677\" height=\"451\" srcset=\"https:\/\/shatranj.ai\/wp-content\/uploads\/2026\/02\/sergi-ayasofya-11Ocak2024677x451.jpg 677w, https:\/\/shatranj.ai\/wp-content\/uploads\/2026\/02\/sergi-ayasofya-11Ocak2024677x451-300x200.jpg 300w, https:\/\/shatranj.ai\/wp-content\/uploads\/2026\/02\/sergi-ayasofya-11Ocak2024677x451-18x12.jpg 18w\" sizes=\"(max-width: 677px) 100vw, 677px\" \/><\/p><p>\u00a0<\/p><p style=\"text-align: center;\">Our first exhibition took place in January 2024 at the Hagia Sophia campus of Fatih Sultan Mehmet Vakif University. Prof. Dr. Mustafa Ka\u00e7ar and exhibition&#8217;s co-curator Tamer Karatekin gave a talk at the FSMVU campus building at the Hagia Sophia. The \u015eAH\u00ce (SHAHI) chess set and its pieces were also displayed first time in public as part of the Shatranj.Art exhibition. 2024 is also the 100th anniversary of the founding of the World Chess Federation.\u00a0<\/p><p style=\"text-align: center;\">We are planning to follow up with this exhibition at schools, as well as at other historic sites in Istanbul and other partner cities.<\/p>\t\t\t\t\t\t<\/div>\n\t\t\t\t<\/div>\n\t\t\t\t<div class=\"elementor-element elementor-element-610ea5e1 elementor-widget elementor-widget-image\" data-id=\"610ea5e1\" data-element_type=\"widget\" data-widget_type=\"image.default\">\n\t\t\t\t<div class=\"elementor-widget-container\">\n\t\t\t<style>\/*! elementor - v3.21.0 - 08-05-2024 *\/\n.elementor-widget-image{text-align:center}.elementor-widget-image a{display:inline-block}.elementor-widget-image a img[src$=\".svg\"]{width:48px}.elementor-widget-image img{vertical-align:middle;display:inline-block}<\/style>\t\t\t\t\t\t\t\t\t\t<img decoding=\"async\" width=\"1200\" height=\"650\" src=\"https:\/\/shatranj.ai\/wp-content\/uploads\/2024\/03\/download-2.png\" class=\"attachment-full size-full wp-image-127\" alt=\"\" srcset=\"https:\/\/shatranj.ai\/wp-content\/uploads\/2024\/03\/download-2.png 1200w, https:\/\/shatranj.ai\/wp-content\/uploads\/2024\/03\/download-2-300x163.png 300w, https:\/\/shatranj.ai\/wp-content\/uploads\/2024\/03\/download-2-1024x555.png 1024w, https:\/\/shatranj.ai\/wp-content\/uploads\/2024\/03\/download-2-768x416.png 768w\" sizes=\"(max-width: 1200px) 100vw, 1200px\" \/>\t\t\t\t\t\t\t\t\t\t\t\t\t<\/div>\n\t\t\t\t<\/div>\n\t\t\t\t\t<\/div>\n\t\t\t\t<\/div>\n\t\t\t\t<\/div>\n\t\t","protected":false},"excerpt":{"rendered":"<p>The project&#8217;s official exhibition website is at: www.shatranj.art Schools and other institutions can download a copy of exhibition posters in digital format to host\/display the exhibit at their locations.\u00a0 \u00a0 \u00a0 Our first exhibition took place in January 2024 at the Hagia Sophia campus of Fatih Sultan Mehmet Vakif University. Prof. Dr. Mustafa Ka\u00e7ar and [&hellip;]<\/p>\n","protected":false},"author":1,"featured_media":0,"parent":0,"menu_order":0,"comment_status":"closed","ping_status":"closed","template":"","meta":{"footnotes":""},"class_list":["post-222","page","type-page","status-publish","hentry"],"_links":{"self":[{"href":"https:\/\/shatranj.ai\/mk\/wp-json\/wp\/v2\/pages\/222","targetHints":{"allow":["GET"]}}],"collection":[{"href":"https:\/\/shatranj.ai\/mk\/wp-json\/wp\/v2\/pages"}],"about":[{"href":"https:\/\/shatranj.ai\/mk\/wp-json\/wp\/v2\/types\/page"}],"author":[{"embeddable":true,"href":"https:\/\/shatranj.ai\/mk\/wp-json\/wp\/v2\/users\/1"}],"replies":[{"embeddable":true,"href":"https:\/\/shatranj.ai\/mk\/wp-json\/wp\/v2\/comments?post=222"}],"version-history":[{"count":25,"href":"https:\/\/shatranj.ai\/mk\/wp-json\/wp\/v2\/pages\/222\/revisions"}],"predecessor-version":[{"id":789,"href":"https:\/\/shatranj.ai\/mk\/wp-json\/wp\/v2\/pages\/222\/revisions\/789"}],"wp:attachment":[{"href":"https:\/\/shatranj.ai\/mk\/wp-json\/wp\/v2\/media?parent=222"}],"curies":[{"name":"wp","href":"https:\/\/api.w.org\/{rel}","templated":true}]}}