{"id":210,"date":"2024-03-26T07:52:03","date_gmt":"2024-03-26T07:52:03","guid":{"rendered":"https:\/\/shatranj.ai\/?page_id=210"},"modified":"2026-03-02T01:31:27","modified_gmt":"2026-03-02T01:31:27","slug":"ateliere-pentru-educatori","status":"publish","type":"page","link":"https:\/\/shatranj.ai\/ro\/ateliere-pentru-educatori\/","title":{"rendered":"Ateliere pentru educatori"},"content":{"rendered":"\t\t<div data-elementor-type=\"wp-page\" data-elementor-id=\"210\" class=\"elementor elementor-210\" data-elementor-post-type=\"page\">\n\t\t\t\t<div data-pafe-particles=\"13de57f8\" data-pafe-particles-options=\"{&quot;quantity&quot;:300,&quot;particles_color&quot;:&quot;#FFFFFF&quot;,&quot;linked_color&quot;:&quot;#FFFFFF&quot;,&quot;hover_effect&quot;:&quot;&quot;,&quot;click_effect&quot;:&quot;&quot;,&quot;particles_shape&quot;:&quot;circle&quot;,&quot;particles_size&quot;:3,&quot;particles_speed&quot;:2,&quot;particles_image&quot;:&quot;https:\\\/\\\/shatranj.ai\\\/wp-content\\\/plugins\\\/elementor\\\/assets\\\/images\\\/placeholder.png&quot;,&quot;particles_opacity&quot;:{&quot;unit&quot;:&quot;px&quot;,&quot;size&quot;:0.3,&quot;sizes&quot;:[]},&quot;linked_opacity&quot;:0.3}\" class=\"elementor-element elementor-element-13de57f8 e-flex e-con-boxed e-con e-parent\" data-id=\"13de57f8\" data-element_type=\"container\" data-settings=\"{&quot;background_background&quot;:&quot;classic&quot;}\">\n\t\t\t\t\t<div class=\"e-con-inner\">\n\t\t\t\t<div class=\"elementor-element elementor-element-ccac827 elementor-widget elementor-widget-heading\" data-id=\"ccac827\" data-element_type=\"widget\" data-widget_type=\"heading.default\">\n\t\t\t\t<div class=\"elementor-widget-container\">\n\t\t\t<style>\/*! elementor - v3.21.0 - 08-05-2024 *\/\n.elementor-heading-title{padding:0;margin:0;line-height:1}.elementor-widget-heading .elementor-heading-title[class*=elementor-size-]>a{color:inherit;font-size:inherit;line-height:inherit}.elementor-widget-heading .elementor-heading-title.elementor-size-small{font-size:15px}.elementor-widget-heading .elementor-heading-title.elementor-size-medium{font-size:19px}.elementor-widget-heading .elementor-heading-title.elementor-size-large{font-size:29px}.elementor-widget-heading .elementor-heading-title.elementor-size-xl{font-size:39px}.elementor-widget-heading .elementor-heading-title.elementor-size-xxl{font-size:59px}<\/style><h1 class=\"elementor-heading-title elementor-size-default\">Educator Workshops<\/h1>\t\t<\/div>\n\t\t\t\t<\/div>\n\t\t\t\t\t<\/div>\n\t\t\t\t<\/div>\n\t\t<div class=\"elementor-element elementor-element-2656e9f3 e-flex e-con-boxed e-con e-parent\" data-id=\"2656e9f3\" data-element_type=\"container\">\n\t\t\t\t\t<div class=\"e-con-inner\">\n\t\t\t\t<div class=\"elementor-element elementor-element-4e2aa632 elementor-widget elementor-widget-text-editor\" data-id=\"4e2aa632\" data-element_type=\"widget\" data-widget_type=\"text-editor.default\">\n\t\t\t\t<div class=\"elementor-widget-container\">\n\t\t\t<style>\/*! elementor - v3.21.0 - 08-05-2024 *\/\n.elementor-widget-text-editor.elementor-drop-cap-view-stacked .elementor-drop-cap{background-color:#69727d;color:#fff}.elementor-widget-text-editor.elementor-drop-cap-view-framed .elementor-drop-cap{color:#69727d;border:3px solid;background-color:transparent}.elementor-widget-text-editor:not(.elementor-drop-cap-view-default) .elementor-drop-cap{margin-top:8px}.elementor-widget-text-editor:not(.elementor-drop-cap-view-default) .elementor-drop-cap-letter{width:1em;height:1em}.elementor-widget-text-editor .elementor-drop-cap{float:left;text-align:center;line-height:1;font-size:50px}.elementor-widget-text-editor .elementor-drop-cap-letter{display:inline-block}<\/style>\t\t\t\t<p>So far, we have conducted 5 educator workshops. <br \/><br \/><\/p><p>The first workshop was conducted in December 2023 with 28 teachers from the Istanbul Directorate of the Ministry of Education. <br \/><br \/><\/p><p>The second workshop was conducted in January 2024 with 20 teachers from the Istanbul Directorate of the Ministry of Education. <br \/><br \/><\/p><p>Furthermore, a one-day workshop was conducted during the `AI in Education Summit` at Yildiz Technical University in Istanbul in February. It was delivered by Dr. Melik\u015fah Ka\u00e7ar, shatranj.ai project&#8217;s visual and media coordinator.<br \/><br \/><\/p><p>A final and third workshop was conducted at FSMVU Gulhane campus in October 2025 with 20 teachers and students from the Istanbul Directorate of the Ministry of Education. <br \/><br \/><\/p><p>A final workshop was conducted in Northern Macedonia in February 2024 in consultation with the Bureau for Educational <i>Development<\/i> of the Ministry of Science and Education. This workshop was held in Gostivar at Vizyon University, and five teachers and five academicians attended. <br \/><br \/><\/p><p>These in-person workshops will be followed by online lessons for teachers, who simultaneously will conduct the pilots to K12 and university students. <br \/><br \/><\/p><p>The teacher workshops were taught by project&#8217;s technical coordinator and AI curriculum lead Tamer Karatekin and a few other academicians, such as Prof. Dr. \u00d6zg\u00fcr Koray \u015eahing\u00f6z and Asst. Prof. Dr. Ka\u011fan Okatan, working on computer science, science and board game history, and artificial intelligence.<\/p>\t\t\t\t\t\t<\/div>\n\t\t\t\t<\/div>\n\t\t\t\t<div class=\"elementor-element elementor-element-53c26868 elementor-widget elementor-widget-image\" data-id=\"53c26868\" data-element_type=\"widget\" data-widget_type=\"image.default\">\n\t\t\t\t<div class=\"elementor-widget-container\">\n\t\t\t<style>\/*! elementor - v3.21.0 - 08-05-2024 *\/\n.elementor-widget-image{text-align:center}.elementor-widget-image a{display:inline-block}.elementor-widget-image a img[src$=\".svg\"]{width:48px}.elementor-widget-image img{vertical-align:middle;display:inline-block}<\/style>\t\t\t\t\t\t\t\t\t\t<img fetchpriority=\"high\" decoding=\"async\" width=\"1200\" height=\"650\" src=\"https:\/\/shatranj.ai\/wp-content\/uploads\/2024\/03\/download-2.png\" class=\"attachment-full size-full wp-image-127\" alt=\"\" srcset=\"https:\/\/shatranj.ai\/wp-content\/uploads\/2024\/03\/download-2.png 1200w, https:\/\/shatranj.ai\/wp-content\/uploads\/2024\/03\/download-2-300x163.png 300w, https:\/\/shatranj.ai\/wp-content\/uploads\/2024\/03\/download-2-1024x555.png 1024w, https:\/\/shatranj.ai\/wp-content\/uploads\/2024\/03\/download-2-768x416.png 768w\" sizes=\"(max-width: 1200px) 100vw, 1200px\" \/>\t\t\t\t\t\t\t\t\t\t\t\t\t<\/div>\n\t\t\t\t<\/div>\n\t\t\t\t\t<\/div>\n\t\t\t\t<\/div>\n\t\t\t\t<\/div>\n\t\t","protected":false},"excerpt":{"rendered":"<p>So far, we have conducted 5 educator workshops. The first workshop was conducted in December 2023 with 28 teachers from the Istanbul Directorate of the Ministry of Education. The second workshop was conducted in January 2024 with 20 teachers from the Istanbul Directorate of the Ministry of Education. Furthermore, a one-day workshop was conducted during [&hellip;]<\/p>\n","protected":false},"author":1,"featured_media":0,"parent":0,"menu_order":0,"comment_status":"closed","ping_status":"closed","template":"","meta":{"footnotes":""},"class_list":["post-210","page","type-page","status-publish","hentry"],"_links":{"self":[{"href":"https:\/\/shatranj.ai\/ro\/wp-json\/wp\/v2\/pages\/210","targetHints":{"allow":["GET"]}}],"collection":[{"href":"https:\/\/shatranj.ai\/ro\/wp-json\/wp\/v2\/pages"}],"about":[{"href":"https:\/\/shatranj.ai\/ro\/wp-json\/wp\/v2\/types\/page"}],"author":[{"embeddable":true,"href":"https:\/\/shatranj.ai\/ro\/wp-json\/wp\/v2\/users\/1"}],"replies":[{"embeddable":true,"href":"https:\/\/shatranj.ai\/ro\/wp-json\/wp\/v2\/comments?post=210"}],"version-history":[{"count":43,"href":"https:\/\/shatranj.ai\/ro\/wp-json\/wp\/v2\/pages\/210\/revisions"}],"predecessor-version":[{"id":1085,"href":"https:\/\/shatranj.ai\/ro\/wp-json\/wp\/v2\/pages\/210\/revisions\/1085"}],"wp:attachment":[{"href":"https:\/\/shatranj.ai\/ro\/wp-json\/wp\/v2\/media?parent=210"}],"curies":[{"name":"wp","href":"https:\/\/api.w.org\/{rel}","templated":true}]}}